{"id":73,"date":"2024-06-19T16:51:21","date_gmt":"2024-06-19T16:51:21","guid":{"rendered":"https:\/\/hyosung-freunde.net\/?page_id=73"},"modified":"2024-06-28T11:28:29","modified_gmt":"2024-06-28T11:28:29","slug":"verein","status":"publish","type":"page","link":"https:\/\/hyosung-freunde.net\/index.php\/verein\/","title":{"rendered":"Verein"},"content":{"rendered":"\n<p class=\"has-contrast-color has-text-color has-link-color wp-elements-9ef366e14d586f296a08c8a87a6628e6\">.<\/p>\n\n\n\n<h1 class=\"wp-block-heading has-medium-font-size\">Die <mark style=\"background-color:rgba(0, 0, 0, 0);color:#999696\" class=\"has-inline-color\"><strong>Hyosung<\/strong><\/mark><mark style=\"background-color:rgba(0, 0, 0, 0)\" class=\"has-inline-color has-secondary-color\"><strong>Freunde<\/strong><\/mark> Schweiz &#8211; \u00d6sterreich &#8211; Deutschland<\/h1>\n\n\n\n<p class=\"has-contrast-color has-text-color has-link-color wp-elements-9ef366e14d586f296a08c8a87a6628e6\">.<\/p>\n\n\n\n<p>Am 09.02.2024 war es so weit und wir durften die Gr\u00fcndunsvesammlung durchf\u00fchren.<\/p>\n\n\n\n<p>Der Verein bildet eine Gemeinschaft von Motorradfahrerinnen und Motorradfahrern insbesondere der Marke Hyosung, aber steht auch f\u00fcr andere Motorradfahrer und Begeisterte offen. Er soll den gegenseitigen Erfahrungsaustausch und eine Hilfestellung f\u00f6rdern und gemeinsame Anl\u00e4sse organisieren.<\/p>\n\n\n\n<h2 class=\"wp-block-heading has-medium-font-size\">Unsere Statuten<\/h2>\n\n\n\n<div data-wp-interactive=\"core\/file\" class=\"wp-block-file\"><object data-wp-bind--hidden=\"!state.hasPdfPreview\" hidden class=\"wp-block-file__embed\" data=\"https:\/\/hyosung-freunde.net\/wp-content\/uploads\/2024\/06\/Statuten-20240209-1.pdf\" type=\"application\/pdf\" style=\"width:100%;height:244px\" aria-label=\"Einbettung von Statuten.\"><\/object><a id=\"wp-block-file--media-835e7ef4-9aef-4701-b594-b837cfe544cd\" href=\"https:\/\/hyosung-freunde.net\/wp-content\/uploads\/2024\/06\/Statuten-20240209-1.pdf\" target=\"_blank\" rel=\"noreferrer noopener\">Statuten<\/a><a href=\"https:\/\/hyosung-freunde.net\/wp-content\/uploads\/2024\/06\/Statuten-20240209-1.pdf\" class=\"wp-block-file__button wp-element-button\" download aria-describedby=\"wp-block-file--media-835e7ef4-9aef-4701-b594-b837cfe544cd\">Herunterladen<\/a><\/div>\n","protected":false},"excerpt":{"rendered":"<p>. Die HyosungFreunde Schweiz &#8211; \u00d6sterreich &#8211; Deutschland . Am 09.02.2024 war es so weit und wir durften die Gr\u00fcndunsvesammlung durchf\u00fchren. Der Verein bildet eine Gemeinschaft von Motorradfahrerinnen und Motorradfahrern insbesondere der Marke Hyosung, aber steht auch f\u00fcr andere Motorradfahrer und Begeisterte offen. Er soll den gegenseitigen Erfahrungsaustausch und eine Hilfestellung f\u00f6rdern und gemeinsame Anl\u00e4sse [&hellip;]<\/p>\n","protected":false},"author":1,"featured_media":673,"parent":0,"menu_order":0,"comment_status":"closed","ping_status":"closed","template":"","meta":{"pgc_sgb_lightbox_settings":"","footnotes":""},"categories":[29],"tags":[],"class_list":["post-73","page","type-page","status-publish","has-post-thumbnail","hentry","category-verein"],"yoast_head":"<!-- This site is optimized with the Yoast SEO plugin v26.6 - https:\/\/yoast.com\/wordpress\/plugins\/seo\/ -->\n<title>Verein - Hyosung Freunde<\/title>\n<meta name=\"description\" content=\"Hyosung Freunde Schweiz - \u00d6sterreich - Deutschland. Gemeinschaft von Motorradfahrerinnen und Motorradfahrern, insbesondere der Marke Hyosung.\" class=\"yoast-seo-meta-tag\" \/>\n<meta name=\"robots\" content=\"index, follow, max-snippet:-1, max-image-preview:large, max-video-preview:-1\" \/>\n<link rel=\"canonical\" href=\"https:\/\/hyosung-freunde.net\/index.php\/verein\/\" class=\"yoast-seo-meta-tag\" \/>\n<meta property=\"og:locale\" content=\"de_DE\" class=\"yoast-seo-meta-tag\" \/>\n<meta property=\"og:type\" content=\"article\" class=\"yoast-seo-meta-tag\" \/>\n<meta property=\"og:title\" content=\"Hyosung Freunde Schweiz \u2013 \u00d6sterreich \u2013 Deutschland\" class=\"yoast-seo-meta-tag\" \/>\n<meta property=\"og:description\" content=\"Gemeinschaft von Motorradfahrerinnen und Motorradfahrern insbesondere der Marke Hyosung, aber steht auch f\u00fcr andere Motorradfahrer und Begeisterte offen.\" class=\"yoast-seo-meta-tag\" \/>\n<meta property=\"og:url\" content=\"https:\/\/hyosung-freunde.net\/index.php\/verein\/\" class=\"yoast-seo-meta-tag\" \/>\n<meta property=\"og:site_name\" content=\"Hyosung Freunde\" class=\"yoast-seo-meta-tag\" \/>\n<meta property=\"article:publisher\" content=\"https:\/\/www.facebook.com\/groups\/1179489426760159\" class=\"yoast-seo-meta-tag\" \/>\n<meta property=\"article:modified_time\" content=\"2024-06-28T11:28:29+00:00\" class=\"yoast-seo-meta-tag\" \/>\n<meta property=\"og:image\" content=\"https:\/\/hyosung-freunde.net\/wp-content\/uploads\/2024\/06\/Hyosung-Freunde-Banner01.jpg\" class=\"yoast-seo-meta-tag\" \/>\n\t<meta property=\"og:image:width\" content=\"800\" class=\"yoast-seo-meta-tag\" \/>\n\t<meta property=\"og:image:height\" content=\"408\" class=\"yoast-seo-meta-tag\" \/>\n\t<meta property=\"og:image:type\" content=\"image\/jpeg\" class=\"yoast-seo-meta-tag\" \/>\n<meta name=\"twitter:card\" content=\"summary_large_image\" class=\"yoast-seo-meta-tag\" \/>\n<meta name=\"twitter:title\" content=\"Hyosung Freunde Schweiz \u2013 \u00d6sterreich \u2013 Deutschland\" class=\"yoast-seo-meta-tag\" \/>\n<meta name=\"twitter:description\" content=\"Gemeinschaft von Motorradfahrerinnen und Motorradfahrern insbesondere der Marke Hyosung, aber steht auch f\u00fcr andere Motorradfahrer und Begeisterte offen.\" class=\"yoast-seo-meta-tag\" \/>\n<meta name=\"twitter:image\" content=\"https:\/\/hyosung-freunde.net\/wp-content\/uploads\/2024\/06\/Hyosung-Freunde-Banner01.jpg\" class=\"yoast-seo-meta-tag\" \/>\n<meta name=\"twitter:label1\" content=\"Gesch\u00e4tzte Lesezeit\" class=\"yoast-seo-meta-tag\" \/>\n\t<meta name=\"twitter:data1\" content=\"1\u00a0Minute\" class=\"yoast-seo-meta-tag\" \/>\n<script type=\"application\/ld+json\" class=\"yoast-schema-graph\">{\"@context\":\"https:\/\/schema.org\",\"@graph\":[{\"@type\":\"WebPage\",\"@id\":\"https:\/\/hyosung-freunde.net\/index.php\/verein\/\",\"url\":\"https:\/\/hyosung-freunde.net\/index.php\/verein\/\",\"name\":\"Verein - Hyosung Freunde\",\"isPartOf\":{\"@id\":\"https:\/\/hyosung-freunde.net\/#website\"},\"primaryImageOfPage\":{\"@id\":\"https:\/\/hyosung-freunde.net\/index.php\/verein\/#primaryimage\"},\"image\":{\"@id\":\"https:\/\/hyosung-freunde.net\/index.php\/verein\/#primaryimage\"},\"thumbnailUrl\":\"https:\/\/hyosung-freunde.net\/wp-content\/uploads\/2024\/06\/Hyosung-Freunde-Banner01.jpg\",\"datePublished\":\"2024-06-19T16:51:21+00:00\",\"dateModified\":\"2024-06-28T11:28:29+00:00\",\"description\":\"Hyosung Freunde Schweiz - \u00d6sterreich - Deutschland. Gemeinschaft von Motorradfahrerinnen und Motorradfahrern, insbesondere der Marke Hyosung.\",\"breadcrumb\":{\"@id\":\"https:\/\/hyosung-freunde.net\/index.php\/verein\/#breadcrumb\"},\"inLanguage\":\"de\",\"potentialAction\":[{\"@type\":\"ReadAction\",\"target\":[\"https:\/\/hyosung-freunde.net\/index.php\/verein\/\"]}]},{\"@type\":\"ImageObject\",\"inLanguage\":\"de\",\"@id\":\"https:\/\/hyosung-freunde.net\/index.php\/verein\/#primaryimage\",\"url\":\"https:\/\/hyosung-freunde.net\/wp-content\/uploads\/2024\/06\/Hyosung-Freunde-Banner01.jpg\",\"contentUrl\":\"https:\/\/hyosung-freunde.net\/wp-content\/uploads\/2024\/06\/Hyosung-Freunde-Banner01.jpg\",\"width\":800,\"height\":408,\"caption\":\"Hyosung Freunde Schweiz \u00d6sterreich Deutschland Banner 01\"},{\"@type\":\"BreadcrumbList\",\"@id\":\"https:\/\/hyosung-freunde.net\/index.php\/verein\/#breadcrumb\",\"itemListElement\":[{\"@type\":\"ListItem\",\"position\":1,\"name\":\"Startseite\",\"item\":\"https:\/\/hyosung-freunde.net\/\"},{\"@type\":\"ListItem\",\"position\":2,\"name\":\"Verein\"}]},{\"@type\":\"WebSite\",\"@id\":\"https:\/\/hyosung-freunde.net\/#website\",\"url\":\"https:\/\/hyosung-freunde.net\/\",\"name\":\"Hyosung Freunde\",\"description\":\"Schweiz \u00d6sterreich Deutschland\",\"publisher\":{\"@id\":\"https:\/\/hyosung-freunde.net\/#organization\"},\"potentialAction\":[{\"@type\":\"SearchAction\",\"target\":{\"@type\":\"EntryPoint\",\"urlTemplate\":\"https:\/\/hyosung-freunde.net\/?s={search_term_string}\"},\"query-input\":{\"@type\":\"PropertyValueSpecification\",\"valueRequired\":true,\"valueName\":\"search_term_string\"}}],\"inLanguage\":\"de\"},{\"@type\":\"Organization\",\"@id\":\"https:\/\/hyosung-freunde.net\/#organization\",\"name\":\"Hyosung Freunde SChweiz - \u00d6sterreich - Deutschland\",\"url\":\"https:\/\/hyosung-freunde.net\/\",\"logo\":{\"@type\":\"ImageObject\",\"inLanguage\":\"de\",\"@id\":\"https:\/\/hyosung-freunde.net\/#\/schema\/logo\/image\/\",\"url\":\"https:\/\/hyosung-freunde.net\/wp-content\/uploads\/2024\/06\/cropped-Logo_HF-3.png\",\"contentUrl\":\"https:\/\/hyosung-freunde.net\/wp-content\/uploads\/2024\/06\/cropped-Logo_HF-3.png\",\"width\":180,\"height\":180,\"caption\":\"Hyosung Freunde SChweiz - \u00d6sterreich - Deutschland\"},\"image\":{\"@id\":\"https:\/\/hyosung-freunde.net\/#\/schema\/logo\/image\/\"},\"sameAs\":[\"https:\/\/www.facebook.com\/groups\/1179489426760159\"]}]}<\/script>\n<!-- \/ Yoast SEO plugin. -->","yoast_head_json":{"title":"Verein - Hyosung Freunde","description":"Hyosung Freunde Schweiz - \u00d6sterreich - Deutschland. Gemeinschaft von Motorradfahrerinnen und Motorradfahrern, insbesondere der Marke Hyosung.","robots":{"index":"index","follow":"follow","max-snippet":"max-snippet:-1","max-image-preview":"max-image-preview:large","max-video-preview":"max-video-preview:-1"},"canonical":"https:\/\/hyosung-freunde.net\/index.php\/verein\/","og_locale":"de_DE","og_type":"article","og_title":"Hyosung Freunde Schweiz \u2013 \u00d6sterreich \u2013 Deutschland","og_description":"Gemeinschaft von Motorradfahrerinnen und Motorradfahrern insbesondere der Marke Hyosung, aber steht auch f\u00fcr andere Motorradfahrer und Begeisterte offen.","og_url":"https:\/\/hyosung-freunde.net\/index.php\/verein\/","og_site_name":"Hyosung Freunde","article_publisher":"https:\/\/www.facebook.com\/groups\/1179489426760159","article_modified_time":"2024-06-28T11:28:29+00:00","og_image":[{"width":800,"height":408,"url":"https:\/\/hyosung-freunde.net\/wp-content\/uploads\/2024\/06\/Hyosung-Freunde-Banner01.jpg","type":"image\/jpeg"}],"twitter_card":"summary_large_image","twitter_title":"Hyosung Freunde Schweiz \u2013 \u00d6sterreich \u2013 Deutschland","twitter_description":"Gemeinschaft von Motorradfahrerinnen und Motorradfahrern insbesondere der Marke Hyosung, aber steht auch f\u00fcr andere Motorradfahrer und Begeisterte offen.","twitter_image":"https:\/\/hyosung-freunde.net\/wp-content\/uploads\/2024\/06\/Hyosung-Freunde-Banner01.jpg","twitter_misc":{"Gesch\u00e4tzte Lesezeit":"1\u00a0Minute"},"schema":{"@context":"https:\/\/schema.org","@graph":[{"@type":"WebPage","@id":"https:\/\/hyosung-freunde.net\/index.php\/verein\/","url":"https:\/\/hyosung-freunde.net\/index.php\/verein\/","name":"Verein - Hyosung Freunde","isPartOf":{"@id":"https:\/\/hyosung-freunde.net\/#website"},"primaryImageOfPage":{"@id":"https:\/\/hyosung-freunde.net\/index.php\/verein\/#primaryimage"},"image":{"@id":"https:\/\/hyosung-freunde.net\/index.php\/verein\/#primaryimage"},"thumbnailUrl":"https:\/\/hyosung-freunde.net\/wp-content\/uploads\/2024\/06\/Hyosung-Freunde-Banner01.jpg","datePublished":"2024-06-19T16:51:21+00:00","dateModified":"2024-06-28T11:28:29+00:00","description":"Hyosung Freunde Schweiz - \u00d6sterreich - Deutschland. Gemeinschaft von Motorradfahrerinnen und Motorradfahrern, insbesondere der Marke Hyosung.","breadcrumb":{"@id":"https:\/\/hyosung-freunde.net\/index.php\/verein\/#breadcrumb"},"inLanguage":"de","potentialAction":[{"@type":"ReadAction","target":["https:\/\/hyosung-freunde.net\/index.php\/verein\/"]}]},{"@type":"ImageObject","inLanguage":"de","@id":"https:\/\/hyosung-freunde.net\/index.php\/verein\/#primaryimage","url":"https:\/\/hyosung-freunde.net\/wp-content\/uploads\/2024\/06\/Hyosung-Freunde-Banner01.jpg","contentUrl":"https:\/\/hyosung-freunde.net\/wp-content\/uploads\/2024\/06\/Hyosung-Freunde-Banner01.jpg","width":800,"height":408,"caption":"Hyosung Freunde Schweiz \u00d6sterreich Deutschland Banner 01"},{"@type":"BreadcrumbList","@id":"https:\/\/hyosung-freunde.net\/index.php\/verein\/#breadcrumb","itemListElement":[{"@type":"ListItem","position":1,"name":"Startseite","item":"https:\/\/hyosung-freunde.net\/"},{"@type":"ListItem","position":2,"name":"Verein"}]},{"@type":"WebSite","@id":"https:\/\/hyosung-freunde.net\/#website","url":"https:\/\/hyosung-freunde.net\/","name":"Hyosung Freunde","description":"Schweiz \u00d6sterreich Deutschland","publisher":{"@id":"https:\/\/hyosung-freunde.net\/#organization"},"potentialAction":[{"@type":"SearchAction","target":{"@type":"EntryPoint","urlTemplate":"https:\/\/hyosung-freunde.net\/?s={search_term_string}"},"query-input":{"@type":"PropertyValueSpecification","valueRequired":true,"valueName":"search_term_string"}}],"inLanguage":"de"},{"@type":"Organization","@id":"https:\/\/hyosung-freunde.net\/#organization","name":"Hyosung Freunde SChweiz - \u00d6sterreich - Deutschland","url":"https:\/\/hyosung-freunde.net\/","logo":{"@type":"ImageObject","inLanguage":"de","@id":"https:\/\/hyosung-freunde.net\/#\/schema\/logo\/image\/","url":"https:\/\/hyosung-freunde.net\/wp-content\/uploads\/2024\/06\/cropped-Logo_HF-3.png","contentUrl":"https:\/\/hyosung-freunde.net\/wp-content\/uploads\/2024\/06\/cropped-Logo_HF-3.png","width":180,"height":180,"caption":"Hyosung Freunde SChweiz - \u00d6sterreich - Deutschland"},"image":{"@id":"https:\/\/hyosung-freunde.net\/#\/schema\/logo\/image\/"},"sameAs":["https:\/\/www.facebook.com\/groups\/1179489426760159"]}]}},"_links":{"self":[{"href":"https:\/\/hyosung-freunde.net\/index.php\/wp-json\/wp\/v2\/pages\/73","targetHints":{"allow":["GET"]}}],"collection":[{"href":"https:\/\/hyosung-freunde.net\/index.php\/wp-json\/wp\/v2\/pages"}],"about":[{"href":"https:\/\/hyosung-freunde.net\/index.php\/wp-json\/wp\/v2\/types\/page"}],"author":[{"embeddable":true,"href":"https:\/\/hyosung-freunde.net\/index.php\/wp-json\/wp\/v2\/users\/1"}],"replies":[{"embeddable":true,"href":"https:\/\/hyosung-freunde.net\/index.php\/wp-json\/wp\/v2\/comments?post=73"}],"version-history":[{"count":5,"href":"https:\/\/hyosung-freunde.net\/index.php\/wp-json\/wp\/v2\/pages\/73\/revisions"}],"predecessor-version":[{"id":268,"href":"https:\/\/hyosung-freunde.net\/index.php\/wp-json\/wp\/v2\/pages\/73\/revisions\/268"}],"wp:featuredmedia":[{"embeddable":true,"href":"https:\/\/hyosung-freunde.net\/index.php\/wp-json\/wp\/v2\/media\/673"}],"wp:attachment":[{"href":"https:\/\/hyosung-freunde.net\/index.php\/wp-json\/wp\/v2\/media?parent=73"}],"wp:term":[{"taxonomy":"category","embeddable":true,"href":"https:\/\/hyosung-freunde.net\/index.php\/wp-json\/wp\/v2\/categories?post=73"},{"taxonomy":"post_tag","embeddable":true,"href":"https:\/\/hyosung-freunde.net\/index.php\/wp-json\/wp\/v2\/tags?post=73"}],"curies":[{"name":"wp","href":"https:\/\/api.w.org\/{rel}","templated":true}]}}