{"id":79,"date":"2024-06-24T12:06:47","date_gmt":"2024-06-24T12:06:47","guid":{"rendered":"https:\/\/hyosung-freunde.net\/?page_id=79"},"modified":"2024-06-24T12:06:51","modified_gmt":"2024-06-24T12:06:51","slug":"mitglied-werden","status":"publish","type":"page","link":"https:\/\/hyosung-freunde.net\/index.php\/mitglied-werden\/","title":{"rendered":"Mitglied werden"},"content":{"rendered":"\n<p><\/p>\n\n\n\n<p class=\"has-contrast-color has-text-color has-link-color wp-elements-9ef366e14d586f296a08c8a87a6628e6\">.<\/p>\n\n\n\n<h3 class=\"wp-block-heading has-small-font-size\">Sehr sch\u00f6n!<\/h3>\n\n\n\n<p>Du hast also Interesse an einer Mitgliedschaft in unserem Verein, das freut uns sehr!<\/p>\n\n\n\n<p>Bitte f\u00fclle daf\u00fcr das Formular aus, deine Daten werden vertraulich, innerhalb des Vorstandes behandelt, gem\u00e4ss Art. 13 unserer Statuten.<\/p>\n\n\n\n<p>Nach der Pr\u00fcfung deiner Angaben wirst du von uns per E-Mail kontaktiert. <\/p>\n\n\n\n<p class=\"has-contrast-color has-text-color has-link-color wp-elements-9ef366e14d586f296a08c8a87a6628e6\">.<\/p>\n\n\n\r\n        \r\n\r\n                <form class=\"wpuf-form-add weforms-284  wpuf-style\" action=\"\" method=\"post\"   id=\"\">\r\n\r\n            <ul class=\"wpuf-form form-label-above\">\r\n\r\n                        <li class=\"wpuf-el name field-size-large\" data-label=\"Name\">\r\n                    <div class=\"wpuf-label\">\r\n            <label for=\"name_284\">Name <span class=\"required\">*<\/span><\/label>\r\n        <\/div>\r\n        \r\n            <div class=\"wpuf-fields\">\r\n                <div class=\"wpuf-name-field-wrap format-first-last\" data-style=\"wpuf-style\">\r\n                    <div class=\"wpuf-name-field-first-name\">\r\n                        <input\r\n                            name=\"name[first]\"\r\n                            type=\"text\"\r\n                            placeholder=\"Vorname\"\r\n                            value=\"\"\r\n                            size=\"40\"\r\n                            data-required=\"yes\"\r\n                            data-type=\"text\"\r\n                            data-style=\"wpuf-style\"\r\n                            class=\"textfield wpuf_name_284\"\r\n                            autocomplete=\"given-name\"\r\n                        >\r\n                                                    <label class=\"wpuf-form-sub-label\" data-style=\"wpuf-style\">First<\/label>\r\n                                            <\/div>\r\n\r\n                                            <input type=\"hidden\" name=\"name[middle]\" value=\"\">\r\n                    \r\n                    <div class=\"wpuf-name-field-last-name\">\r\n                        <input\r\n                            name=\"name[last]\"\r\n                            type=\"text\" class=\"textfield\"\r\n                            placeholder=\"Nachname\"\r\n                            value=\"\"\r\n                            size=\"40\"\r\n                            autocomplete=\"family-name\"\r\n                            data-style=\"wpuf-style\"\r\n                        >\r\n                                                    <label class=\"wpuf-form-sub-label\" data-style=\"wpuf-style\">Last<\/label>\r\n                                            <\/div>\r\n                <\/div>\r\n                            <\/div>\r\n        <\/li>\r\n                <li class=\"wpuf-el strasse_und_nr__ field-size-large\" data-label=\"Strasse und Nr. \">\r\n                    <div class=\"wpuf-label\">\r\n            <label for=\"strasse_und_nr___284\">Strasse und Nr.  <span class=\"required\">*<\/span><\/label>\r\n        <\/div>\r\n        \r\n            <div class=\"wpuf-fields\">\r\n                <input\r\n                    class=\"textfield wpuf_strasse_und_nr___284\"\r\n                    id=\"strasse_und_nr___284\"\r\n                    type=\"text\"\r\n                    data-duplicate=\"no\"\r\n                    data-required=\"yes\"\r\n                    data-type=\"text\" name=\"strasse_und_nr__\"\r\n                    placeholder=\"\"\r\n                    value=\"\"\r\n                    size=\"40\"\r\n                    data-style=\"wpuf-style\"\r\n                \/>\r\n\r\n                <span class=\"wpuf-wordlimit-message wpuf-help\"><\/span>\r\n                            <\/div>\r\n                    <\/li>\r\n                <li class=\"wpuf-el plz_und_ort field-size-large\" data-label=\"PLZ und Ort\">\r\n                    <div class=\"wpuf-label\">\r\n            <label for=\"plz_und_ort_284\">PLZ und Ort <span class=\"required\">*<\/span><\/label>\r\n        <\/div>\r\n        \r\n            <div class=\"wpuf-fields\">\r\n                <input\r\n                    class=\"textfield wpuf_plz_und_ort_284\"\r\n                    id=\"plz_und_ort_284\"\r\n                    type=\"text\"\r\n                    data-duplicate=\"no\"\r\n                    data-required=\"yes\"\r\n                    data-type=\"text\" name=\"plz_und_ort\"\r\n                    placeholder=\"\"\r\n                    value=\"\"\r\n                    size=\"40\"\r\n                    data-style=\"wpuf-style\"\r\n                \/>\r\n\r\n                <span class=\"wpuf-wordlimit-message wpuf-help\"><\/span>\r\n                            <\/div>\r\n                    <\/li>\r\n                <li class=\"wpuf-el land field-size-large\" data-label=\"Land\">\r\n                    <div class=\"wpuf-label\">\r\n            <label for=\"land_284\">Land <span class=\"required\">*<\/span><\/label>\r\n        <\/div>\r\n        \r\n            \r\n            <div class=\"wpuf-fields\">\r\n                <select\r\n                    class=\"wpuf_land_284\"\r\n                    id=\"land_284\"\r\n                    name=\"land\"\r\n                    data-required=\"yes\"\r\n                    data-type=\"select\"\r\n                    data-style=\"wpuf-style\"\r\n                >\r\n                                            <option value=\"\">-Bitte ausw\u00e4hlen-<\/option>\r\n                                                                    <option value=\"schweiz\">Schweiz<\/option>\r\n                                                        <option value=\"\u00f6sterreich\">\u00d6sterreich<\/option>\r\n                                                        <option value=\"deutschland\">Deutschland<\/option>\r\n                                            <\/select>\r\n                            <\/div>\r\n\r\n        <\/li>\r\n                <li class=\"wpuf-el email_addresse field-size-large\" data-label=\"eMail Addresse\">\r\n                    <div class=\"wpuf-label\">\r\n            <label for=\"email_addresse_284\">eMail Addresse <span class=\"required\">*<\/span><\/label>\r\n        <\/div>\r\n        \r\n            <div class=\"wpuf-fields\">\r\n                <input\r\n                    id=\"email_addresse_284\"\r\n                    type=\"email\"\r\n                    class=\"email  wpuf_email_addresse_284\"\r\n                    data-duplicate=\"\"\r\n                    data-required=\"yes\"\r\n                    data-type=\"email\"\r\n                    data-style=\"wpuf-style\"\r\n                    name=\"email_addresse\"\r\n                    placeholder=\"\"\r\n                    value=\"\"\r\n                    size=\"40\"\r\n                    autocomplete=\"email\"\r\n                \/>\r\n                            <\/div>\r\n        <\/li>\r\n                <li class=\"wpuf-el geburtsdatum field-size-large\" data-label=\"Geburtsdatum\">\r\n                    <div class=\"wpuf-label\">\r\n            <label for=\"geburtsdatum_284\">Geburtsdatum <span class=\"required\">*<\/span><\/label>\r\n        <\/div>\r\n        \r\n            <div class=\"wpuf-fields\">\r\n                <input\r\n                    class=\"textfield wpuf_geburtsdatum_284\"\r\n                    id=\"geburtsdatum_284\"\r\n                    type=\"text\"\r\n                    data-duplicate=\"no\"\r\n                    data-required=\"yes\"\r\n                    data-type=\"text\" name=\"geburtsdatum\"\r\n                    placeholder=\"\"\r\n                    value=\"\"\r\n                    size=\"40\"\r\n                    data-style=\"wpuf-style\"\r\n                \/>\r\n\r\n                <span class=\"wpuf-wordlimit-message wpuf-help\"><\/span>\r\n                            <\/div>\r\n                    <\/li>\r\n                <li class=\"wpuf-el art_der_mitgliedschaft_ field-size-large\" data-label=\"Art der Mitgliedschaft \">\r\n                    <div class=\"wpuf-label\">\r\n            <label for=\"art_der_mitgliedschaft__284\">Art der Mitgliedschaft  <span class=\"required\">*<\/span><\/label>\r\n        <\/div>\r\n        \r\n                        <div class=\"wpuf-fields\" data-required=\"yes\" data-type=\"radio\" data-style=\"wpuf-style\">\r\n\r\n                \r\n                        <label class=\"wpuf-radio-block\">\r\n                            <input\r\n                                name=\"art_der_mitgliedschaft_\"\r\n                                class=\"wpuf_art_der_mitgliedschaft__284\"\r\n                                type=\"radio\"\r\n                                value=\"atives_mitglied_mit_stimmrecht_50_sfr._\/_50_\u20ac_pro_jahr\"                            \/>\r\n                            Atives Mitglied mit Stimmrecht 50 SFr. \/ 50 \u20ac pro Jahr                        <\/label>\r\n                        \r\n                        <label class=\"wpuf-radio-block\">\r\n                            <input\r\n                                name=\"art_der_mitgliedschaft_\"\r\n                                class=\"wpuf_art_der_mitgliedschaft__284\"\r\n                                type=\"radio\"\r\n                                value=\"passiv_mitglied_ohne_stimmrecht_30_sfr._\/_30_\u20ac_pro_jahr\"                            \/>\r\n                            Passiv Mitglied ohne Stimmrecht 30 SFr. \/ 30 \u20ac pro Jahr                        <\/label>\r\n                        \r\n                \r\n            <\/div>\r\n        <\/li>\r\n                <li class=\"wpuf-el jahresrechnung field-size-large\" data-label=\"Jahresrechnung\">\r\n                    <div class=\"wpuf-label\">\r\n            <label for=\"jahresrechnung_284\">Jahresrechnung <span class=\"required\">*<\/span><\/label>\r\n        <\/div>\r\n        \r\n                        <div class=\"wpuf-fields\" data-required=\"yes\" data-type=\"radio\" data-style=\"wpuf-style\">\r\n\r\n                \r\n                        <label class=\"wpuf-radio-block\">\r\n                            <input\r\n                                name=\"jahresrechnung\"\r\n                                class=\"wpuf_jahresrechnung_284\"\r\n                                type=\"radio\"\r\n                                value=\"pdf_rechnung\" checked='checked'                            \/>\r\n                            PDF Rechnung                        <\/label>\r\n                        \r\n                        <label class=\"wpuf-radio-block\">\r\n                            <input\r\n                                name=\"jahresrechnung\"\r\n                                class=\"wpuf_jahresrechnung_284\"\r\n                                type=\"radio\"\r\n                                value=\"pdf_rechnung_mit_zahlungslink_f\u00fcr_kreditkarten\"                            \/>\r\n                            PDF Rechnung mit Zahlungslink f\u00fcr Kreditkarten                        <\/label>\r\n                        \r\n                \r\n            <\/div>\r\n        <\/li>\r\n                <li class=\"wpuf-submit\">\r\n            <div class=\"wpuf-label\">\r\n                &nbsp;\r\n            <\/div>\r\n\r\n            <input type=\"hidden\" id=\"_wpnonce\" name=\"_wpnonce\" value=\"dc92c80a40\" \/><input type=\"hidden\" name=\"_wp_http_referer\" value=\"\/index.php\/wp-json\/wp\/v2\/pages\/79\" \/>\r\n            <input type=\"hidden\" name=\"form_id\" value=\"284\">\r\n            <input type=\"hidden\" name=\"page_id\" value=\"79\">\r\n            <input type=\"hidden\" name=\"action\" value=\"weforms_frontend_submit\">\r\n\r\n                            <input type=\"hidden\" name=\"weforms-front-report\" value=\"no\">\r\n            \r\n            \r\n                            <input type=\"submit\" class=\"weforms_submit_btn wpuf_submit_284\" name=\"submit\" value=\"Absenden\" \/>\r\n                    <\/li>\r\n                <\/ul>\r\n\r\n        <\/form>\r\n                \n","protected":false},"excerpt":{"rendered":"<p>. Sehr sch\u00f6n! Du hast also Interesse an einer Mitgliedschaft in unserem Verein, das freut uns sehr! Bitte f\u00fclle daf\u00fcr das Formular aus, deine Daten werden vertraulich, innerhalb des Vorstandes behandelt, gem\u00e4ss Art. 13 unserer Statuten. Nach der Pr\u00fcfung deiner Angaben wirst du von uns per E-Mail kontaktiert. .<\/p>\n","protected":false},"author":1,"featured_media":295,"parent":0,"menu_order":0,"comment_status":"closed","ping_status":"closed","template":"","meta":{"pgc_sgb_lightbox_settings":"","footnotes":""},"categories":[29],"tags":[],"class_list":["post-79","page","type-page","status-publish","has-post-thumbnail","hentry","category-verein"],"yoast_head":"<!-- This site is optimized with the Yoast SEO plugin v26.6 - https:\/\/yoast.com\/wordpress\/plugins\/seo\/ -->\n<title>Mitglied werden - Hyosung Freunde<\/title>\n<meta name=\"robots\" content=\"index, follow, max-snippet:-1, max-image-preview:large, max-video-preview:-1\" \/>\n<link rel=\"canonical\" href=\"https:\/\/hyosung-freunde.net\/index.php\/mitglied-werden\/\" class=\"yoast-seo-meta-tag\" \/>\n<meta property=\"og:locale\" content=\"de_DE\" class=\"yoast-seo-meta-tag\" \/>\n<meta property=\"og:type\" content=\"article\" class=\"yoast-seo-meta-tag\" \/>\n<meta property=\"og:title\" content=\"Mitglied werden - Hyosung Freunde\" class=\"yoast-seo-meta-tag\" \/>\n<meta property=\"og:description\" content=\". Sehr sch\u00f6n! Du hast also Interesse an einer Mitgliedschaft in unserem Verein, das freut uns sehr! Bitte f\u00fclle daf\u00fcr das Formular aus, deine Daten werden vertraulich, innerhalb des Vorstandes behandelt, gem\u00e4ss Art. 13 unserer Statuten. Nach der Pr\u00fcfung deiner Angaben wirst du von uns per E-Mail kontaktiert. .\" class=\"yoast-seo-meta-tag\" \/>\n<meta property=\"og:url\" content=\"https:\/\/hyosung-freunde.net\/index.php\/mitglied-werden\/\" class=\"yoast-seo-meta-tag\" \/>\n<meta property=\"og:site_name\" content=\"Hyosung Freunde\" class=\"yoast-seo-meta-tag\" \/>\n<meta property=\"article:publisher\" content=\"https:\/\/www.facebook.com\/groups\/1179489426760159\" class=\"yoast-seo-meta-tag\" \/>\n<meta property=\"article:modified_time\" content=\"2024-06-24T12:06:51+00:00\" class=\"yoast-seo-meta-tag\" \/>\n<meta property=\"og:image\" content=\"https:\/\/hyosung-freunde.net\/wp-content\/uploads\/2024\/06\/Mitgliedschaft.jpg\" class=\"yoast-seo-meta-tag\" \/>\n\t<meta property=\"og:image:width\" content=\"800\" class=\"yoast-seo-meta-tag\" \/>\n\t<meta property=\"og:image:height\" content=\"408\" class=\"yoast-seo-meta-tag\" \/>\n\t<meta property=\"og:image:type\" content=\"image\/jpeg\" class=\"yoast-seo-meta-tag\" \/>\n<meta name=\"twitter:card\" content=\"summary_large_image\" class=\"yoast-seo-meta-tag\" \/>\n<meta name=\"twitter:label1\" content=\"Gesch\u00e4tzte Lesezeit\" class=\"yoast-seo-meta-tag\" \/>\n\t<meta name=\"twitter:data1\" content=\"1\u00a0Minute\" class=\"yoast-seo-meta-tag\" \/>\n<script type=\"application\/ld+json\" class=\"yoast-schema-graph\">{\"@context\":\"https:\/\/schema.org\",\"@graph\":[{\"@type\":\"WebPage\",\"@id\":\"https:\/\/hyosung-freunde.net\/index.php\/mitglied-werden\/\",\"url\":\"https:\/\/hyosung-freunde.net\/index.php\/mitglied-werden\/\",\"name\":\"Mitglied werden - Hyosung Freunde\",\"isPartOf\":{\"@id\":\"https:\/\/hyosung-freunde.net\/#website\"},\"primaryImageOfPage\":{\"@id\":\"https:\/\/hyosung-freunde.net\/index.php\/mitglied-werden\/#primaryimage\"},\"image\":{\"@id\":\"https:\/\/hyosung-freunde.net\/index.php\/mitglied-werden\/#primaryimage\"},\"thumbnailUrl\":\"https:\/\/hyosung-freunde.net\/wp-content\/uploads\/2024\/06\/Mitgliedschaft.jpg\",\"datePublished\":\"2024-06-24T12:06:47+00:00\",\"dateModified\":\"2024-06-24T12:06:51+00:00\",\"breadcrumb\":{\"@id\":\"https:\/\/hyosung-freunde.net\/index.php\/mitglied-werden\/#breadcrumb\"},\"inLanguage\":\"de\",\"potentialAction\":[{\"@type\":\"ReadAction\",\"target\":[\"https:\/\/hyosung-freunde.net\/index.php\/mitglied-werden\/\"]}]},{\"@type\":\"ImageObject\",\"inLanguage\":\"de\",\"@id\":\"https:\/\/hyosung-freunde.net\/index.php\/mitglied-werden\/#primaryimage\",\"url\":\"https:\/\/hyosung-freunde.net\/wp-content\/uploads\/2024\/06\/Mitgliedschaft.jpg\",\"contentUrl\":\"https:\/\/hyosung-freunde.net\/wp-content\/uploads\/2024\/06\/Mitgliedschaft.jpg\",\"width\":800,\"height\":408,\"caption\":\"Mitgliedschaft beantragen\"},{\"@type\":\"BreadcrumbList\",\"@id\":\"https:\/\/hyosung-freunde.net\/index.php\/mitglied-werden\/#breadcrumb\",\"itemListElement\":[{\"@type\":\"ListItem\",\"position\":1,\"name\":\"Startseite\",\"item\":\"https:\/\/hyosung-freunde.net\/\"},{\"@type\":\"ListItem\",\"position\":2,\"name\":\"Mitglied werden\"}]},{\"@type\":\"WebSite\",\"@id\":\"https:\/\/hyosung-freunde.net\/#website\",\"url\":\"https:\/\/hyosung-freunde.net\/\",\"name\":\"Hyosung Freunde\",\"description\":\"Schweiz \u00d6sterreich Deutschland\",\"publisher\":{\"@id\":\"https:\/\/hyosung-freunde.net\/#organization\"},\"potentialAction\":[{\"@type\":\"SearchAction\",\"target\":{\"@type\":\"EntryPoint\",\"urlTemplate\":\"https:\/\/hyosung-freunde.net\/?s={search_term_string}\"},\"query-input\":{\"@type\":\"PropertyValueSpecification\",\"valueRequired\":true,\"valueName\":\"search_term_string\"}}],\"inLanguage\":\"de\"},{\"@type\":\"Organization\",\"@id\":\"https:\/\/hyosung-freunde.net\/#organization\",\"name\":\"Hyosung Freunde SChweiz - \u00d6sterreich - Deutschland\",\"url\":\"https:\/\/hyosung-freunde.net\/\",\"logo\":{\"@type\":\"ImageObject\",\"inLanguage\":\"de\",\"@id\":\"https:\/\/hyosung-freunde.net\/#\/schema\/logo\/image\/\",\"url\":\"https:\/\/hyosung-freunde.net\/wp-content\/uploads\/2024\/06\/cropped-Logo_HF-3.png\",\"contentUrl\":\"https:\/\/hyosung-freunde.net\/wp-content\/uploads\/2024\/06\/cropped-Logo_HF-3.png\",\"width\":180,\"height\":180,\"caption\":\"Hyosung Freunde SChweiz - \u00d6sterreich - Deutschland\"},\"image\":{\"@id\":\"https:\/\/hyosung-freunde.net\/#\/schema\/logo\/image\/\"},\"sameAs\":[\"https:\/\/www.facebook.com\/groups\/1179489426760159\"]}]}<\/script>\n<!-- \/ Yoast SEO plugin. -->","yoast_head_json":{"title":"Mitglied werden - Hyosung Freunde","robots":{"index":"index","follow":"follow","max-snippet":"max-snippet:-1","max-image-preview":"max-image-preview:large","max-video-preview":"max-video-preview:-1"},"canonical":"https:\/\/hyosung-freunde.net\/index.php\/mitglied-werden\/","og_locale":"de_DE","og_type":"article","og_title":"Mitglied werden - Hyosung Freunde","og_description":". Sehr sch\u00f6n! Du hast also Interesse an einer Mitgliedschaft in unserem Verein, das freut uns sehr! Bitte f\u00fclle daf\u00fcr das Formular aus, deine Daten werden vertraulich, innerhalb des Vorstandes behandelt, gem\u00e4ss Art. 13 unserer Statuten. Nach der Pr\u00fcfung deiner Angaben wirst du von uns per E-Mail kontaktiert. .","og_url":"https:\/\/hyosung-freunde.net\/index.php\/mitglied-werden\/","og_site_name":"Hyosung Freunde","article_publisher":"https:\/\/www.facebook.com\/groups\/1179489426760159","article_modified_time":"2024-06-24T12:06:51+00:00","og_image":[{"width":800,"height":408,"url":"https:\/\/hyosung-freunde.net\/wp-content\/uploads\/2024\/06\/Mitgliedschaft.jpg","type":"image\/jpeg"}],"twitter_card":"summary_large_image","twitter_misc":{"Gesch\u00e4tzte Lesezeit":"1\u00a0Minute"},"schema":{"@context":"https:\/\/schema.org","@graph":[{"@type":"WebPage","@id":"https:\/\/hyosung-freunde.net\/index.php\/mitglied-werden\/","url":"https:\/\/hyosung-freunde.net\/index.php\/mitglied-werden\/","name":"Mitglied werden - Hyosung Freunde","isPartOf":{"@id":"https:\/\/hyosung-freunde.net\/#website"},"primaryImageOfPage":{"@id":"https:\/\/hyosung-freunde.net\/index.php\/mitglied-werden\/#primaryimage"},"image":{"@id":"https:\/\/hyosung-freunde.net\/index.php\/mitglied-werden\/#primaryimage"},"thumbnailUrl":"https:\/\/hyosung-freunde.net\/wp-content\/uploads\/2024\/06\/Mitgliedschaft.jpg","datePublished":"2024-06-24T12:06:47+00:00","dateModified":"2024-06-24T12:06:51+00:00","breadcrumb":{"@id":"https:\/\/hyosung-freunde.net\/index.php\/mitglied-werden\/#breadcrumb"},"inLanguage":"de","potentialAction":[{"@type":"ReadAction","target":["https:\/\/hyosung-freunde.net\/index.php\/mitglied-werden\/"]}]},{"@type":"ImageObject","inLanguage":"de","@id":"https:\/\/hyosung-freunde.net\/index.php\/mitglied-werden\/#primaryimage","url":"https:\/\/hyosung-freunde.net\/wp-content\/uploads\/2024\/06\/Mitgliedschaft.jpg","contentUrl":"https:\/\/hyosung-freunde.net\/wp-content\/uploads\/2024\/06\/Mitgliedschaft.jpg","width":800,"height":408,"caption":"Mitgliedschaft beantragen"},{"@type":"BreadcrumbList","@id":"https:\/\/hyosung-freunde.net\/index.php\/mitglied-werden\/#breadcrumb","itemListElement":[{"@type":"ListItem","position":1,"name":"Startseite","item":"https:\/\/hyosung-freunde.net\/"},{"@type":"ListItem","position":2,"name":"Mitglied werden"}]},{"@type":"WebSite","@id":"https:\/\/hyosung-freunde.net\/#website","url":"https:\/\/hyosung-freunde.net\/","name":"Hyosung Freunde","description":"Schweiz \u00d6sterreich Deutschland","publisher":{"@id":"https:\/\/hyosung-freunde.net\/#organization"},"potentialAction":[{"@type":"SearchAction","target":{"@type":"EntryPoint","urlTemplate":"https:\/\/hyosung-freunde.net\/?s={search_term_string}"},"query-input":{"@type":"PropertyValueSpecification","valueRequired":true,"valueName":"search_term_string"}}],"inLanguage":"de"},{"@type":"Organization","@id":"https:\/\/hyosung-freunde.net\/#organization","name":"Hyosung Freunde SChweiz - \u00d6sterreich - Deutschland","url":"https:\/\/hyosung-freunde.net\/","logo":{"@type":"ImageObject","inLanguage":"de","@id":"https:\/\/hyosung-freunde.net\/#\/schema\/logo\/image\/","url":"https:\/\/hyosung-freunde.net\/wp-content\/uploads\/2024\/06\/cropped-Logo_HF-3.png","contentUrl":"https:\/\/hyosung-freunde.net\/wp-content\/uploads\/2024\/06\/cropped-Logo_HF-3.png","width":180,"height":180,"caption":"Hyosung Freunde SChweiz - \u00d6sterreich - Deutschland"},"image":{"@id":"https:\/\/hyosung-freunde.net\/#\/schema\/logo\/image\/"},"sameAs":["https:\/\/www.facebook.com\/groups\/1179489426760159"]}]}},"_links":{"self":[{"href":"https:\/\/hyosung-freunde.net\/index.php\/wp-json\/wp\/v2\/pages\/79","targetHints":{"allow":["GET"]}}],"collection":[{"href":"https:\/\/hyosung-freunde.net\/index.php\/wp-json\/wp\/v2\/pages"}],"about":[{"href":"https:\/\/hyosung-freunde.net\/index.php\/wp-json\/wp\/v2\/types\/page"}],"author":[{"embeddable":true,"href":"https:\/\/hyosung-freunde.net\/index.php\/wp-json\/wp\/v2\/users\/1"}],"replies":[{"embeddable":true,"href":"https:\/\/hyosung-freunde.net\/index.php\/wp-json\/wp\/v2\/comments?post=79"}],"version-history":[{"count":8,"href":"https:\/\/hyosung-freunde.net\/index.php\/wp-json\/wp\/v2\/pages\/79\/revisions"}],"predecessor-version":[{"id":303,"href":"https:\/\/hyosung-freunde.net\/index.php\/wp-json\/wp\/v2\/pages\/79\/revisions\/303"}],"wp:featuredmedia":[{"embeddable":true,"href":"https:\/\/hyosung-freunde.net\/index.php\/wp-json\/wp\/v2\/media\/295"}],"wp:attachment":[{"href":"https:\/\/hyosung-freunde.net\/index.php\/wp-json\/wp\/v2\/media?parent=79"}],"wp:term":[{"taxonomy":"category","embeddable":true,"href":"https:\/\/hyosung-freunde.net\/index.php\/wp-json\/wp\/v2\/categories?post=79"},{"taxonomy":"post_tag","embeddable":true,"href":"https:\/\/hyosung-freunde.net\/index.php\/wp-json\/wp\/v2\/tags?post=79"}],"curies":[{"name":"wp","href":"https:\/\/api.w.org\/{rel}","templated":true}]}}