{"id":81,"date":"2024-06-24T12:05:14","date_gmt":"2024-06-24T12:05:14","guid":{"rendered":"https:\/\/hyosung-freunde.net\/?page_id=81"},"modified":"2024-06-28T12:37:19","modified_gmt":"2024-06-28T12:37:19","slug":"unterstuetze-uns","status":"publish","type":"page","link":"https:\/\/hyosung-freunde.net\/index.php\/unterstuetze-uns\/","title":{"rendered":"Unterst\u00fctze uns"},"content":{"rendered":"\n<p><\/p>\n\n\n\n<p class=\"has-contrast-color has-text-color has-link-color wp-elements-9ef366e14d586f296a08c8a87a6628e6\">.<\/p>\n\n\n\n<p>Um die laufenden Kosten zu decken sind wir nebst unseren Mitgliederbeitr\u00e4gen auch auf zus\u00e4tzliche, finanzielle Unterst\u00fctzung angewiesen.<\/p>\n\n\n\n<p>M\u00f6chtest du oder dein Unternehmen uns unterst\u00fctzen, kannst du dies daher gerne tun. <\/p>\n\n\n\n<p>Wir sind auch bereit gegen Aussen auf deine Grossz\u00fcgigkeit hinzuweisen und dich auf unserer Website zu platzieren. F\u00fcr eine konkretere Absprache und weitere Informationen, nimm einfach Kontakt mit uns auf. <\/p>\n\n\n\n<p>Willst du uns einfach so etwas zukommen lassen, nutze bitte nachfolgende Bankverbindung oder das Formular mit den g\u00e4ngigen, elektronischen Zahlunsmethoden.<\/p>\n\n\n\n<p>Besten Dank!<\/p>\n\n\n\n<p class=\"has-contrast-color has-text-color has-link-color wp-elements-9ef366e14d586f296a08c8a87a6628e6\">.<\/p>\n\n\n\n<p class=\"has-contrast-color has-text-color has-link-color wp-elements-9ef366e14d586f296a08c8a87a6628e6\">.<\/p>\n\n\n\n<p> <\/p>\n\n\n\n<p><strong>Bankverbindung:<\/strong><br> <br><mark style=\"background-color:rgba(0, 0, 0, 0)\" class=\"has-inline-color has-secondary-color\">Hyosung Freunde<\/mark> Schweiz \u2013 \u00d6sterreich \u2013 Deutschland<br>Thurgauer Kantonalbank<br>Bahndammstrasse 2<br>8546 Islikon TG Schweiz<br><br><strong>IBAN: CH33 0078 4298 3889 0200 1<\/strong><br><br><strong>BIC: KBTGCH22<\/strong><\/p>\n\n\n\n<p class=\"has-contrast-color has-text-color has-link-color wp-elements-1969513d3aed58f66bada8105d6603e8\"> .<\/p>\n\n\n\n<p class=\"has-contrast-color has-text-color has-link-color wp-elements-9ef366e14d586f296a08c8a87a6628e6\">.<\/p>\n\n\n\n<p><\/p>\n\n\n\n<p><strong>Direkteinzahlung auf elektronischem Weg:<\/strong><\/p>\n\n\n\n<figure class=\"wp-block-image size-full\"><img decoding=\"async\" data-src=\"https:\/\/hyosung-freunde.ch\/wp-content\/uploads\/2024\/02\/kartenzahlung01.jpg\" alt=\"\" class=\"wp-image-470 lazyload\" src=\"data:image\/svg+xml;base64,PHN2ZyB3aWR0aD0iMSIgaGVpZ2h0PSIxIiB4bWxucz0iaHR0cDovL3d3dy53My5vcmcvMjAwMC9zdmciPjwvc3ZnPg==\" \/><\/figure>\n\n\n\n<div class=\"wp-block-columns is-layout-flex wp-container-core-columns-is-layout-28f84493 wp-block-columns-is-layout-flex\">\n<div class=\"wp-block-column is-layout-flow wp-block-column-is-layout-flow\" style=\"flex-basis:66.66%\">\n<!-- iframe plugin v.6.0 wordpress.org\/plugins\/iframe\/ -->\n<iframe data-src=\"https:\/\/pay.sumup.com\/b2c\/QML8C7J9\" width=\"100%\" height=\"800\" scrolling=\"yes\" class=\"iframe-class lazyload\" frameborder=\"0\" src=\"data:image\/svg+xml;base64,PHN2ZyB3aWR0aD0iMSIgaGVpZ2h0PSIxIiB4bWxucz0iaHR0cDovL3d3dy53My5vcmcvMjAwMC9zdmciPjwvc3ZnPg==\" data-load-mode=\"1\"><\/iframe>\n\n<\/div>\n\n\n\n<div class=\"wp-block-column is-layout-flow wp-block-column-is-layout-flow\" style=\"flex-basis:33.33%\">\n<p> <\/p>\n<\/div>\n<\/div>\n","protected":false},"excerpt":{"rendered":"<p>. Um die laufenden Kosten zu decken sind wir nebst unseren Mitgliederbeitr\u00e4gen auch auf zus\u00e4tzliche, finanzielle Unterst\u00fctzung angewiesen. M\u00f6chtest du oder dein Unternehmen uns unterst\u00fctzen, kannst du dies daher gerne tun. Wir sind auch bereit gegen Aussen auf deine Grossz\u00fcgigkeit hinzuweisen und dich auf unserer Website zu platzieren. F\u00fcr eine konkretere Absprache und weitere Informationen, [&hellip;]<\/p>\n","protected":false},"author":1,"featured_media":681,"parent":0,"menu_order":0,"comment_status":"closed","ping_status":"closed","template":"","meta":{"pgc_sgb_lightbox_settings":"","footnotes":""},"categories":[29],"tags":[],"class_list":["post-81","page","type-page","status-publish","has-post-thumbnail","hentry","category-verein"],"yoast_head":"<!-- This site is optimized with the Yoast SEO plugin v26.6 - https:\/\/yoast.com\/wordpress\/plugins\/seo\/ -->\n<title>Unterst\u00fctze uns - Hyosung Freunde<\/title>\n<meta name=\"robots\" content=\"index, follow, max-snippet:-1, max-image-preview:large, max-video-preview:-1\" \/>\n<link rel=\"canonical\" href=\"https:\/\/hyosung-freunde.net\/index.php\/unterstuetze-uns\/\" class=\"yoast-seo-meta-tag\" \/>\n<meta property=\"og:locale\" content=\"de_DE\" class=\"yoast-seo-meta-tag\" \/>\n<meta property=\"og:type\" content=\"article\" class=\"yoast-seo-meta-tag\" \/>\n<meta property=\"og:title\" content=\"Unterst\u00fctze uns - Hyosung Freunde\" class=\"yoast-seo-meta-tag\" \/>\n<meta property=\"og:description\" content=\". Um die laufenden Kosten zu decken sind wir nebst unseren Mitgliederbeitr\u00e4gen auch auf zus\u00e4tzliche, finanzielle Unterst\u00fctzung angewiesen. M\u00f6chtest du oder dein Unternehmen uns unterst\u00fctzen, kannst du dies daher gerne tun. Wir sind auch bereit gegen Aussen auf deine Grossz\u00fcgigkeit hinzuweisen und dich auf unserer Website zu platzieren. F\u00fcr eine konkretere Absprache und weitere Informationen, [&hellip;]\" class=\"yoast-seo-meta-tag\" \/>\n<meta property=\"og:url\" content=\"https:\/\/hyosung-freunde.net\/index.php\/unterstuetze-uns\/\" class=\"yoast-seo-meta-tag\" \/>\n<meta property=\"og:site_name\" content=\"Hyosung Freunde\" class=\"yoast-seo-meta-tag\" \/>\n<meta property=\"article:publisher\" content=\"https:\/\/www.facebook.com\/groups\/1179489426760159\" class=\"yoast-seo-meta-tag\" \/>\n<meta property=\"article:modified_time\" content=\"2024-06-28T12:37:19+00:00\" class=\"yoast-seo-meta-tag\" \/>\n<meta property=\"og:image\" content=\"https:\/\/hyosung-freunde.net\/wp-content\/uploads\/2024\/06\/unterstuetz_uns02.jpg\" class=\"yoast-seo-meta-tag\" \/>\n\t<meta property=\"og:image:width\" content=\"800\" class=\"yoast-seo-meta-tag\" \/>\n\t<meta property=\"og:image:height\" content=\"408\" class=\"yoast-seo-meta-tag\" \/>\n\t<meta property=\"og:image:type\" content=\"image\/jpeg\" class=\"yoast-seo-meta-tag\" \/>\n<meta name=\"twitter:card\" content=\"summary_large_image\" class=\"yoast-seo-meta-tag\" \/>\n<meta name=\"twitter:label1\" content=\"Gesch\u00e4tzte Lesezeit\" class=\"yoast-seo-meta-tag\" \/>\n\t<meta name=\"twitter:data1\" content=\"2\u00a0Minuten\" class=\"yoast-seo-meta-tag\" \/>\n<script type=\"application\/ld+json\" class=\"yoast-schema-graph\">{\"@context\":\"https:\/\/schema.org\",\"@graph\":[{\"@type\":\"WebPage\",\"@id\":\"https:\/\/hyosung-freunde.net\/index.php\/unterstuetze-uns\/\",\"url\":\"https:\/\/hyosung-freunde.net\/index.php\/unterstuetze-uns\/\",\"name\":\"Unterst\u00fctze uns - Hyosung Freunde\",\"isPartOf\":{\"@id\":\"https:\/\/hyosung-freunde.net\/#website\"},\"primaryImageOfPage\":{\"@id\":\"https:\/\/hyosung-freunde.net\/index.php\/unterstuetze-uns\/#primaryimage\"},\"image\":{\"@id\":\"https:\/\/hyosung-freunde.net\/index.php\/unterstuetze-uns\/#primaryimage\"},\"thumbnailUrl\":\"https:\/\/hyosung-freunde.net\/wp-content\/uploads\/2024\/06\/unterstuetz_uns02.jpg\",\"datePublished\":\"2024-06-24T12:05:14+00:00\",\"dateModified\":\"2024-06-28T12:37:19+00:00\",\"breadcrumb\":{\"@id\":\"https:\/\/hyosung-freunde.net\/index.php\/unterstuetze-uns\/#breadcrumb\"},\"inLanguage\":\"de\",\"potentialAction\":[{\"@type\":\"ReadAction\",\"target\":[\"https:\/\/hyosung-freunde.net\/index.php\/unterstuetze-uns\/\"]}]},{\"@type\":\"ImageObject\",\"inLanguage\":\"de\",\"@id\":\"https:\/\/hyosung-freunde.net\/index.php\/unterstuetze-uns\/#primaryimage\",\"url\":\"https:\/\/hyosung-freunde.net\/wp-content\/uploads\/2024\/06\/unterstuetz_uns02.jpg\",\"contentUrl\":\"https:\/\/hyosung-freunde.net\/wp-content\/uploads\/2024\/06\/unterstuetz_uns02.jpg\",\"width\":800,\"height\":408,\"caption\":\"Unterst\u00fcze uns Titelbild\"},{\"@type\":\"BreadcrumbList\",\"@id\":\"https:\/\/hyosung-freunde.net\/index.php\/unterstuetze-uns\/#breadcrumb\",\"itemListElement\":[{\"@type\":\"ListItem\",\"position\":1,\"name\":\"Startseite\",\"item\":\"https:\/\/hyosung-freunde.net\/\"},{\"@type\":\"ListItem\",\"position\":2,\"name\":\"Unterst\u00fctze uns\"}]},{\"@type\":\"WebSite\",\"@id\":\"https:\/\/hyosung-freunde.net\/#website\",\"url\":\"https:\/\/hyosung-freunde.net\/\",\"name\":\"Hyosung Freunde\",\"description\":\"Schweiz \u00d6sterreich Deutschland\",\"publisher\":{\"@id\":\"https:\/\/hyosung-freunde.net\/#organization\"},\"potentialAction\":[{\"@type\":\"SearchAction\",\"target\":{\"@type\":\"EntryPoint\",\"urlTemplate\":\"https:\/\/hyosung-freunde.net\/?s={search_term_string}\"},\"query-input\":{\"@type\":\"PropertyValueSpecification\",\"valueRequired\":true,\"valueName\":\"search_term_string\"}}],\"inLanguage\":\"de\"},{\"@type\":\"Organization\",\"@id\":\"https:\/\/hyosung-freunde.net\/#organization\",\"name\":\"Hyosung Freunde SChweiz - \u00d6sterreich - Deutschland\",\"url\":\"https:\/\/hyosung-freunde.net\/\",\"logo\":{\"@type\":\"ImageObject\",\"inLanguage\":\"de\",\"@id\":\"https:\/\/hyosung-freunde.net\/#\/schema\/logo\/image\/\",\"url\":\"https:\/\/hyosung-freunde.net\/wp-content\/uploads\/2024\/06\/cropped-Logo_HF-3.png\",\"contentUrl\":\"https:\/\/hyosung-freunde.net\/wp-content\/uploads\/2024\/06\/cropped-Logo_HF-3.png\",\"width\":180,\"height\":180,\"caption\":\"Hyosung Freunde SChweiz - \u00d6sterreich - Deutschland\"},\"image\":{\"@id\":\"https:\/\/hyosung-freunde.net\/#\/schema\/logo\/image\/\"},\"sameAs\":[\"https:\/\/www.facebook.com\/groups\/1179489426760159\"]}]}<\/script>\n<!-- \/ Yoast SEO plugin. -->","yoast_head_json":{"title":"Unterst\u00fctze uns - Hyosung Freunde","robots":{"index":"index","follow":"follow","max-snippet":"max-snippet:-1","max-image-preview":"max-image-preview:large","max-video-preview":"max-video-preview:-1"},"canonical":"https:\/\/hyosung-freunde.net\/index.php\/unterstuetze-uns\/","og_locale":"de_DE","og_type":"article","og_title":"Unterst\u00fctze uns - Hyosung Freunde","og_description":". Um die laufenden Kosten zu decken sind wir nebst unseren Mitgliederbeitr\u00e4gen auch auf zus\u00e4tzliche, finanzielle Unterst\u00fctzung angewiesen. M\u00f6chtest du oder dein Unternehmen uns unterst\u00fctzen, kannst du dies daher gerne tun. Wir sind auch bereit gegen Aussen auf deine Grossz\u00fcgigkeit hinzuweisen und dich auf unserer Website zu platzieren. F\u00fcr eine konkretere Absprache und weitere Informationen, [&hellip;]","og_url":"https:\/\/hyosung-freunde.net\/index.php\/unterstuetze-uns\/","og_site_name":"Hyosung Freunde","article_publisher":"https:\/\/www.facebook.com\/groups\/1179489426760159","article_modified_time":"2024-06-28T12:37:19+00:00","og_image":[{"width":800,"height":408,"url":"https:\/\/hyosung-freunde.net\/wp-content\/uploads\/2024\/06\/unterstuetz_uns02.jpg","type":"image\/jpeg"}],"twitter_card":"summary_large_image","twitter_misc":{"Gesch\u00e4tzte Lesezeit":"2\u00a0Minuten"},"schema":{"@context":"https:\/\/schema.org","@graph":[{"@type":"WebPage","@id":"https:\/\/hyosung-freunde.net\/index.php\/unterstuetze-uns\/","url":"https:\/\/hyosung-freunde.net\/index.php\/unterstuetze-uns\/","name":"Unterst\u00fctze uns - Hyosung Freunde","isPartOf":{"@id":"https:\/\/hyosung-freunde.net\/#website"},"primaryImageOfPage":{"@id":"https:\/\/hyosung-freunde.net\/index.php\/unterstuetze-uns\/#primaryimage"},"image":{"@id":"https:\/\/hyosung-freunde.net\/index.php\/unterstuetze-uns\/#primaryimage"},"thumbnailUrl":"https:\/\/hyosung-freunde.net\/wp-content\/uploads\/2024\/06\/unterstuetz_uns02.jpg","datePublished":"2024-06-24T12:05:14+00:00","dateModified":"2024-06-28T12:37:19+00:00","breadcrumb":{"@id":"https:\/\/hyosung-freunde.net\/index.php\/unterstuetze-uns\/#breadcrumb"},"inLanguage":"de","potentialAction":[{"@type":"ReadAction","target":["https:\/\/hyosung-freunde.net\/index.php\/unterstuetze-uns\/"]}]},{"@type":"ImageObject","inLanguage":"de","@id":"https:\/\/hyosung-freunde.net\/index.php\/unterstuetze-uns\/#primaryimage","url":"https:\/\/hyosung-freunde.net\/wp-content\/uploads\/2024\/06\/unterstuetz_uns02.jpg","contentUrl":"https:\/\/hyosung-freunde.net\/wp-content\/uploads\/2024\/06\/unterstuetz_uns02.jpg","width":800,"height":408,"caption":"Unterst\u00fcze uns Titelbild"},{"@type":"BreadcrumbList","@id":"https:\/\/hyosung-freunde.net\/index.php\/unterstuetze-uns\/#breadcrumb","itemListElement":[{"@type":"ListItem","position":1,"name":"Startseite","item":"https:\/\/hyosung-freunde.net\/"},{"@type":"ListItem","position":2,"name":"Unterst\u00fctze uns"}]},{"@type":"WebSite","@id":"https:\/\/hyosung-freunde.net\/#website","url":"https:\/\/hyosung-freunde.net\/","name":"Hyosung Freunde","description":"Schweiz \u00d6sterreich Deutschland","publisher":{"@id":"https:\/\/hyosung-freunde.net\/#organization"},"potentialAction":[{"@type":"SearchAction","target":{"@type":"EntryPoint","urlTemplate":"https:\/\/hyosung-freunde.net\/?s={search_term_string}"},"query-input":{"@type":"PropertyValueSpecification","valueRequired":true,"valueName":"search_term_string"}}],"inLanguage":"de"},{"@type":"Organization","@id":"https:\/\/hyosung-freunde.net\/#organization","name":"Hyosung Freunde SChweiz - \u00d6sterreich - Deutschland","url":"https:\/\/hyosung-freunde.net\/","logo":{"@type":"ImageObject","inLanguage":"de","@id":"https:\/\/hyosung-freunde.net\/#\/schema\/logo\/image\/","url":"https:\/\/hyosung-freunde.net\/wp-content\/uploads\/2024\/06\/cropped-Logo_HF-3.png","contentUrl":"https:\/\/hyosung-freunde.net\/wp-content\/uploads\/2024\/06\/cropped-Logo_HF-3.png","width":180,"height":180,"caption":"Hyosung Freunde SChweiz - \u00d6sterreich - Deutschland"},"image":{"@id":"https:\/\/hyosung-freunde.net\/#\/schema\/logo\/image\/"},"sameAs":["https:\/\/www.facebook.com\/groups\/1179489426760159"]}]}},"_links":{"self":[{"href":"https:\/\/hyosung-freunde.net\/index.php\/wp-json\/wp\/v2\/pages\/81","targetHints":{"allow":["GET"]}}],"collection":[{"href":"https:\/\/hyosung-freunde.net\/index.php\/wp-json\/wp\/v2\/pages"}],"about":[{"href":"https:\/\/hyosung-freunde.net\/index.php\/wp-json\/wp\/v2\/types\/page"}],"author":[{"embeddable":true,"href":"https:\/\/hyosung-freunde.net\/index.php\/wp-json\/wp\/v2\/users\/1"}],"replies":[{"embeddable":true,"href":"https:\/\/hyosung-freunde.net\/index.php\/wp-json\/wp\/v2\/comments?post=81"}],"version-history":[{"count":6,"href":"https:\/\/hyosung-freunde.net\/index.php\/wp-json\/wp\/v2\/pages\/81\/revisions"}],"predecessor-version":[{"id":221,"href":"https:\/\/hyosung-freunde.net\/index.php\/wp-json\/wp\/v2\/pages\/81\/revisions\/221"}],"wp:featuredmedia":[{"embeddable":true,"href":"https:\/\/hyosung-freunde.net\/index.php\/wp-json\/wp\/v2\/media\/681"}],"wp:attachment":[{"href":"https:\/\/hyosung-freunde.net\/index.php\/wp-json\/wp\/v2\/media?parent=81"}],"wp:term":[{"taxonomy":"category","embeddable":true,"href":"https:\/\/hyosung-freunde.net\/index.php\/wp-json\/wp\/v2\/categories?post=81"},{"taxonomy":"post_tag","embeddable":true,"href":"https:\/\/hyosung-freunde.net\/index.php\/wp-json\/wp\/v2\/tags?post=81"}],"curies":[{"name":"wp","href":"https:\/\/api.w.org\/{rel}","templated":true}]}}